{"id":375,"date":"2026-02-19T11:26:41","date_gmt":"2026-02-19T10:26:41","guid":{"rendered":"https:\/\/challenge-velo-utile.fr\/?page_id=375"},"modified":"2026-02-19T11:26:41","modified_gmt":"2026-02-19T10:26:41","slug":"auto-stop-urbain-avec-broc-en-stop","status":"publish","type":"page","link":"https:\/\/challenge-velo-utile.fr\/index.php\/auto-stop-urbain-avec-broc-en-stop\/","title":{"rendered":"auto-stop urbain avec Broc en stop"},"content":{"rendered":"<div class=\"wp-block-image\">\n<figure class=\"aligncenter size-full\"><img loading=\"lazy\" decoding=\"async\" width=\"270\" height=\"190\" src=\"https:\/\/challenge-velo-utile.fr\/wp-content\/uploads\/2026\/02\/csm_Brocenstop-Logo-pour-site_7cc29664ca.jpg\" alt=\"\" class=\"wp-image-376\"\/><\/figure>\n<\/div>\n\n\n<p><\/p>\n\n\n\n<figure class=\"wp-block-image size-large\"><img loading=\"lazy\" decoding=\"async\" width=\"694\" height=\"1024\" src=\"https:\/\/challenge-velo-utile.fr\/wp-content\/uploads\/2026\/02\/527677663_122128882376880724_248568226385980598_n-694x1024.jpg\" alt=\"\" class=\"wp-image-377\" srcset=\"https:\/\/challenge-velo-utile.fr\/wp-content\/uploads\/2026\/02\/527677663_122128882376880724_248568226385980598_n-694x1024.jpg 694w, https:\/\/challenge-velo-utile.fr\/wp-content\/uploads\/2026\/02\/527677663_122128882376880724_248568226385980598_n-203x300.jpg 203w, https:\/\/challenge-velo-utile.fr\/wp-content\/uploads\/2026\/02\/527677663_122128882376880724_248568226385980598_n-768x1134.jpg 768w, https:\/\/challenge-velo-utile.fr\/wp-content\/uploads\/2026\/02\/527677663_122128882376880724_248568226385980598_n-732x1080.jpg 732w, https:\/\/challenge-velo-utile.fr\/wp-content\/uploads\/2026\/02\/527677663_122128882376880724_248568226385980598_n.jpg 945w\" sizes=\"auto, (max-width: 694px) 100vw, 694px\" \/><\/figure>\n\n\n\n<p><\/p>\n\n\n\n<div class=\"wp-block-buttons is-content-justification-center is-layout-flex wp-container-core-buttons-is-layout-16018d1d wp-block-buttons-is-layout-flex\">\n<div class=\"wp-block-button is-style-outline is-style-outline--1\"><a class=\"wp-block-button__link has-text-color has-background has-link-color has-medium-font-size has-custom-font-size wp-element-button\" href=\"https:\/\/www.saint-brieuc.bzh\/au-quotidien\/circuler-en-ville\/broc-en-stop\" style=\"border-top-left-radius:14px;border-top-right-radius:14px;border-bottom-left-radius:14px;border-bottom-right-radius:14px;color:#f90202;background-color:#ffface\">+ d&rsquo;infos ici <\/a><\/div>\n<\/div>\n","protected":false},"excerpt":{"rendered":"","protected":false},"author":1,"featured_media":0,"parent":0,"menu_order":0,"comment_status":"closed","ping_status":"closed","template":"","meta":{"footnotes":""},"class_list":["post-375","page","type-page","status-publish","hentry"],"yoast_head":"<!-- This site is optimized with the Yoast SEO plugin v27.3 - https:\/\/yoast.com\/product\/yoast-seo-wordpress\/ -->\n<title>auto-stop urbain avec Broc en stop - Le challenge des mobilit\u00e9s St-Brieuc C\u00f4tes d&#039;Armor<\/title>\n<meta name=\"robots\" content=\"index, follow, max-snippet:-1, max-image-preview:large, max-video-preview:-1\" \/>\n<link rel=\"canonical\" href=\"https:\/\/challenge-velo-utile.fr\/index.php\/auto-stop-urbain-avec-broc-en-stop\/\" \/>\n<meta property=\"og:locale\" content=\"fr_FR\" \/>\n<meta property=\"og:type\" content=\"article\" \/>\n<meta property=\"og:title\" content=\"auto-stop urbain avec Broc en stop - Le challenge des mobilit\u00e9s St-Brieuc C\u00f4tes d&#039;Armor\" \/>\n<meta property=\"og:url\" content=\"https:\/\/challenge-velo-utile.fr\/index.php\/auto-stop-urbain-avec-broc-en-stop\/\" \/>\n<meta property=\"og:site_name\" content=\"Le challenge des mobilit\u00e9s St-Brieuc C\u00f4tes d&#039;Armor\" \/>\n<meta property=\"article:publisher\" content=\"https:\/\/www.facebook.com\/challengeveloutile\/\" \/>\n<meta property=\"og:image\" content=\"https:\/\/challenge-velo-utile.fr\/wp-content\/uploads\/2026\/02\/csm_Brocenstop-Logo-pour-site_7cc29664ca.jpg\" \/>\n\t<meta property=\"og:image:width\" content=\"270\" \/>\n\t<meta property=\"og:image:height\" content=\"190\" \/>\n\t<meta property=\"og:image:type\" content=\"image\/jpeg\" \/>\n<meta name=\"twitter:card\" content=\"summary_large_image\" \/>\n<meta name=\"twitter:site\" content=\"@CHALLENGEVELO22\" \/>\n<meta name=\"twitter:label1\" content=\"Dur\u00e9e de lecture estim\u00e9e\" \/>\n\t<meta name=\"twitter:data1\" content=\"1 minute\" \/>\n<script type=\"application\/ld+json\" class=\"yoast-schema-graph\">{\"@context\":\"https:\\\/\\\/schema.org\",\"@graph\":[{\"@type\":\"WebPage\",\"@id\":\"https:\\\/\\\/challenge-velo-utile.fr\\\/index.php\\\/auto-stop-urbain-avec-broc-en-stop\\\/\",\"url\":\"https:\\\/\\\/challenge-velo-utile.fr\\\/index.php\\\/auto-stop-urbain-avec-broc-en-stop\\\/\",\"name\":\"auto-stop urbain avec Broc en stop - Le challenge des mobilit\u00e9s St-Brieuc C\u00f4tes d&#039;Armor\",\"isPartOf\":{\"@id\":\"https:\\\/\\\/challenge-velo-utile.fr\\\/#website\"},\"primaryImageOfPage\":{\"@id\":\"https:\\\/\\\/challenge-velo-utile.fr\\\/index.php\\\/auto-stop-urbain-avec-broc-en-stop\\\/#primaryimage\"},\"image\":{\"@id\":\"https:\\\/\\\/challenge-velo-utile.fr\\\/index.php\\\/auto-stop-urbain-avec-broc-en-stop\\\/#primaryimage\"},\"thumbnailUrl\":\"https:\\\/\\\/challenge-velo-utile.fr\\\/wp-content\\\/uploads\\\/2026\\\/02\\\/csm_Brocenstop-Logo-pour-site_7cc29664ca.jpg\",\"datePublished\":\"2026-02-19T10:26:41+00:00\",\"breadcrumb\":{\"@id\":\"https:\\\/\\\/challenge-velo-utile.fr\\\/index.php\\\/auto-stop-urbain-avec-broc-en-stop\\\/#breadcrumb\"},\"inLanguage\":\"fr-FR\",\"potentialAction\":[{\"@type\":\"ReadAction\",\"target\":[\"https:\\\/\\\/challenge-velo-utile.fr\\\/index.php\\\/auto-stop-urbain-avec-broc-en-stop\\\/\"]}]},{\"@type\":\"ImageObject\",\"inLanguage\":\"fr-FR\",\"@id\":\"https:\\\/\\\/challenge-velo-utile.fr\\\/index.php\\\/auto-stop-urbain-avec-broc-en-stop\\\/#primaryimage\",\"url\":\"https:\\\/\\\/challenge-velo-utile.fr\\\/wp-content\\\/uploads\\\/2026\\\/02\\\/csm_Brocenstop-Logo-pour-site_7cc29664ca.jpg\",\"contentUrl\":\"https:\\\/\\\/challenge-velo-utile.fr\\\/wp-content\\\/uploads\\\/2026\\\/02\\\/csm_Brocenstop-Logo-pour-site_7cc29664ca.jpg\",\"width\":270,\"height\":190},{\"@type\":\"BreadcrumbList\",\"@id\":\"https:\\\/\\\/challenge-velo-utile.fr\\\/index.php\\\/auto-stop-urbain-avec-broc-en-stop\\\/#breadcrumb\",\"itemListElement\":[{\"@type\":\"ListItem\",\"position\":1,\"name\":\"Accueil\",\"item\":\"https:\\\/\\\/challenge-velo-utile.fr\\\/\"},{\"@type\":\"ListItem\",\"position\":2,\"name\":\"auto-stop urbain avec Broc en stop\"}]},{\"@type\":\"WebSite\",\"@id\":\"https:\\\/\\\/challenge-velo-utile.fr\\\/#website\",\"url\":\"https:\\\/\\\/challenge-velo-utile.fr\\\/\",\"name\":\"Le challenge des mobilit\u00e9s St-Brieuc C\u00f4tes d'Armor\",\"description\":\"\",\"publisher\":{\"@id\":\"https:\\\/\\\/challenge-velo-utile.fr\\\/#organization\"},\"alternateName\":\"Challenge V\u00e9lo Utile\",\"potentialAction\":[{\"@type\":\"SearchAction\",\"target\":{\"@type\":\"EntryPoint\",\"urlTemplate\":\"https:\\\/\\\/challenge-velo-utile.fr\\\/?s={search_term_string}\"},\"query-input\":{\"@type\":\"PropertyValueSpecification\",\"valueRequired\":true,\"valueName\":\"search_term_string\"}}],\"inLanguage\":\"fr-FR\"},{\"@type\":\"Organization\",\"@id\":\"https:\\\/\\\/challenge-velo-utile.fr\\\/#organization\",\"name\":\"Le challenge des mobilit\u00e9s St-Brieuc C\u00f4tes d'Armor\",\"alternateName\":\"Challenge V\u00e9lo Utile\",\"url\":\"https:\\\/\\\/challenge-velo-utile.fr\\\/\",\"logo\":{\"@type\":\"ImageObject\",\"inLanguage\":\"fr-FR\",\"@id\":\"https:\\\/\\\/challenge-velo-utile.fr\\\/#\\\/schema\\\/logo\\\/image\\\/\",\"url\":\"https:\\\/\\\/challenge-velo-utile.fr\\\/wp-content\\\/uploads\\\/2023\\\/11\\\/A3-CMSBA2024.png\",\"contentUrl\":\"https:\\\/\\\/challenge-velo-utile.fr\\\/wp-content\\\/uploads\\\/2023\\\/11\\\/A3-CMSBA2024.png\",\"width\":842,\"height\":1191,\"caption\":\"Le challenge des mobilit\u00e9s St-Brieuc C\u00f4tes d'Armor\"},\"image\":{\"@id\":\"https:\\\/\\\/challenge-velo-utile.fr\\\/#\\\/schema\\\/logo\\\/image\\\/\"},\"sameAs\":[\"https:\\\/\\\/www.facebook.com\\\/challengeveloutile\\\/\",\"https:\\\/\\\/x.com\\\/CHALLENGEVELO22\"]}]}<\/script>\n<!-- \/ Yoast SEO plugin. -->","yoast_head_json":{"title":"auto-stop urbain avec Broc en stop - Le challenge des mobilit\u00e9s St-Brieuc C\u00f4tes d&#039;Armor","robots":{"index":"index","follow":"follow","max-snippet":"max-snippet:-1","max-image-preview":"max-image-preview:large","max-video-preview":"max-video-preview:-1"},"canonical":"https:\/\/challenge-velo-utile.fr\/index.php\/auto-stop-urbain-avec-broc-en-stop\/","og_locale":"fr_FR","og_type":"article","og_title":"auto-stop urbain avec Broc en stop - Le challenge des mobilit\u00e9s St-Brieuc C\u00f4tes d&#039;Armor","og_url":"https:\/\/challenge-velo-utile.fr\/index.php\/auto-stop-urbain-avec-broc-en-stop\/","og_site_name":"Le challenge des mobilit\u00e9s St-Brieuc C\u00f4tes d&#039;Armor","article_publisher":"https:\/\/www.facebook.com\/challengeveloutile\/","og_image":[{"width":270,"height":190,"url":"https:\/\/challenge-velo-utile.fr\/wp-content\/uploads\/2026\/02\/csm_Brocenstop-Logo-pour-site_7cc29664ca.jpg","type":"image\/jpeg"}],"twitter_card":"summary_large_image","twitter_site":"@CHALLENGEVELO22","twitter_misc":{"Dur\u00e9e de lecture estim\u00e9e":"1 minute"},"schema":{"@context":"https:\/\/schema.org","@graph":[{"@type":"WebPage","@id":"https:\/\/challenge-velo-utile.fr\/index.php\/auto-stop-urbain-avec-broc-en-stop\/","url":"https:\/\/challenge-velo-utile.fr\/index.php\/auto-stop-urbain-avec-broc-en-stop\/","name":"auto-stop urbain avec Broc en stop - Le challenge des mobilit\u00e9s St-Brieuc C\u00f4tes d&#039;Armor","isPartOf":{"@id":"https:\/\/challenge-velo-utile.fr\/#website"},"primaryImageOfPage":{"@id":"https:\/\/challenge-velo-utile.fr\/index.php\/auto-stop-urbain-avec-broc-en-stop\/#primaryimage"},"image":{"@id":"https:\/\/challenge-velo-utile.fr\/index.php\/auto-stop-urbain-avec-broc-en-stop\/#primaryimage"},"thumbnailUrl":"https:\/\/challenge-velo-utile.fr\/wp-content\/uploads\/2026\/02\/csm_Brocenstop-Logo-pour-site_7cc29664ca.jpg","datePublished":"2026-02-19T10:26:41+00:00","breadcrumb":{"@id":"https:\/\/challenge-velo-utile.fr\/index.php\/auto-stop-urbain-avec-broc-en-stop\/#breadcrumb"},"inLanguage":"fr-FR","potentialAction":[{"@type":"ReadAction","target":["https:\/\/challenge-velo-utile.fr\/index.php\/auto-stop-urbain-avec-broc-en-stop\/"]}]},{"@type":"ImageObject","inLanguage":"fr-FR","@id":"https:\/\/challenge-velo-utile.fr\/index.php\/auto-stop-urbain-avec-broc-en-stop\/#primaryimage","url":"https:\/\/challenge-velo-utile.fr\/wp-content\/uploads\/2026\/02\/csm_Brocenstop-Logo-pour-site_7cc29664ca.jpg","contentUrl":"https:\/\/challenge-velo-utile.fr\/wp-content\/uploads\/2026\/02\/csm_Brocenstop-Logo-pour-site_7cc29664ca.jpg","width":270,"height":190},{"@type":"BreadcrumbList","@id":"https:\/\/challenge-velo-utile.fr\/index.php\/auto-stop-urbain-avec-broc-en-stop\/#breadcrumb","itemListElement":[{"@type":"ListItem","position":1,"name":"Accueil","item":"https:\/\/challenge-velo-utile.fr\/"},{"@type":"ListItem","position":2,"name":"auto-stop urbain avec Broc en stop"}]},{"@type":"WebSite","@id":"https:\/\/challenge-velo-utile.fr\/#website","url":"https:\/\/challenge-velo-utile.fr\/","name":"Le challenge des mobilit\u00e9s St-Brieuc C\u00f4tes d'Armor","description":"","publisher":{"@id":"https:\/\/challenge-velo-utile.fr\/#organization"},"alternateName":"Challenge V\u00e9lo Utile","potentialAction":[{"@type":"SearchAction","target":{"@type":"EntryPoint","urlTemplate":"https:\/\/challenge-velo-utile.fr\/?s={search_term_string}"},"query-input":{"@type":"PropertyValueSpecification","valueRequired":true,"valueName":"search_term_string"}}],"inLanguage":"fr-FR"},{"@type":"Organization","@id":"https:\/\/challenge-velo-utile.fr\/#organization","name":"Le challenge des mobilit\u00e9s St-Brieuc C\u00f4tes d'Armor","alternateName":"Challenge V\u00e9lo Utile","url":"https:\/\/challenge-velo-utile.fr\/","logo":{"@type":"ImageObject","inLanguage":"fr-FR","@id":"https:\/\/challenge-velo-utile.fr\/#\/schema\/logo\/image\/","url":"https:\/\/challenge-velo-utile.fr\/wp-content\/uploads\/2023\/11\/A3-CMSBA2024.png","contentUrl":"https:\/\/challenge-velo-utile.fr\/wp-content\/uploads\/2023\/11\/A3-CMSBA2024.png","width":842,"height":1191,"caption":"Le challenge des mobilit\u00e9s St-Brieuc C\u00f4tes d'Armor"},"image":{"@id":"https:\/\/challenge-velo-utile.fr\/#\/schema\/logo\/image\/"},"sameAs":["https:\/\/www.facebook.com\/challengeveloutile\/","https:\/\/x.com\/CHALLENGEVELO22"]}]}},"_links":{"self":[{"href":"https:\/\/challenge-velo-utile.fr\/index.php\/wp-json\/wp\/v2\/pages\/375","targetHints":{"allow":["GET"]}}],"collection":[{"href":"https:\/\/challenge-velo-utile.fr\/index.php\/wp-json\/wp\/v2\/pages"}],"about":[{"href":"https:\/\/challenge-velo-utile.fr\/index.php\/wp-json\/wp\/v2\/types\/page"}],"author":[{"embeddable":true,"href":"https:\/\/challenge-velo-utile.fr\/index.php\/wp-json\/wp\/v2\/users\/1"}],"replies":[{"embeddable":true,"href":"https:\/\/challenge-velo-utile.fr\/index.php\/wp-json\/wp\/v2\/comments?post=375"}],"version-history":[{"count":1,"href":"https:\/\/challenge-velo-utile.fr\/index.php\/wp-json\/wp\/v2\/pages\/375\/revisions"}],"predecessor-version":[{"id":378,"href":"https:\/\/challenge-velo-utile.fr\/index.php\/wp-json\/wp\/v2\/pages\/375\/revisions\/378"}],"wp:attachment":[{"href":"https:\/\/challenge-velo-utile.fr\/index.php\/wp-json\/wp\/v2\/media?parent=375"}],"curies":[{"name":"wp","href":"https:\/\/api.w.org\/{rel}","templated":true}]}}