{"id":112,"date":"2023-11-19T19:00:26","date_gmt":"2023-11-19T18:00:26","guid":{"rendered":"https:\/\/challenge-velo-utile.fr\/?page_id=112"},"modified":"2023-11-19T19:00:26","modified_gmt":"2023-11-19T18:00:26","slug":"velobus","status":"publish","type":"page","link":"https:\/\/challenge-velo-utile.fr\/index.php\/velobus\/","title":{"rendered":"V\u00e9lobus"},"content":{"rendered":"\n<p>Un r\u00e9seau de r\u00e9f\u00e9rents pour <strong>vous accompagner en douceur<\/strong> dans vos d\u00e9placements \u00e0 v\u00e9lo.<\/p>\n\n\n\n<ol class=\"wp-block-list\">\n<li>Vous identifiez <strong>votre parcours<\/strong><\/li>\n\n\n\n<li>Vous <strong>cliquez<\/strong> sur le point ou le tron\u00e7on qui vous int\u00e9resse, <strong>une infobulle s&rsquo;affiche<\/strong><\/li>\n\n\n\n<li>Vous choisissez <strong>\u00ab\u00a0demander un accompagnement\u00a0\u00bb<\/strong><\/li>\n\n\n\n<li>Vous <strong>remplissez le formulaire<\/strong> et nous nous chargeons de vous trouver quelqu&rsquo;un pour vous accompagner sur une d\u00e9couverte de l&rsquo;itin\u00e9raire<\/li>\n<\/ol>\n\n\n\n<iframe loading=\"lazy\" width=\"100%\" height=\"600\" frameborder=\"0\" allowfullscreen=\"\" src=\"\/\/umap.openstreetmap.fr\/fr\/map\/temps-de-parcours-reve_453272?scaleControl=false&amp;miniMap=false&amp;scrollWheelZoom=false&amp;zoomControl=true&amp;allowEdit=false&amp;moreControl=true&amp;searchControl=null&amp;tilelayersControl=null&amp;embedControl=null&amp;datalayersControl=true&amp;onLoadPanel=undefined&amp;captionBar=false\"><\/iframe><p><a href=\"\/\/umap.openstreetmap.fr\/fr\/map\/temps-de-parcours-reve_453272\">Voir en plein \u00e9cran<\/a><\/p>\n","protected":false},"excerpt":{"rendered":"<p>Un r\u00e9seau de r\u00e9f\u00e9rents pour vous accompagner en douceur dans vos d\u00e9placements \u00e0 v\u00e9lo. Voir en plein \u00e9cran<\/p>\n","protected":false},"author":1,"featured_media":0,"parent":0,"menu_order":0,"comment_status":"closed","ping_status":"closed","template":"","meta":{"footnotes":""},"class_list":["post-112","page","type-page","status-publish","hentry"],"yoast_head":"<!-- This site is optimized with the Yoast SEO plugin v27.4 - https:\/\/yoast.com\/product\/yoast-seo-wordpress\/ -->\n<title>V\u00e9lobus - Le challenge des mobilit\u00e9s St-Brieuc C\u00f4tes d&#039;Armor<\/title>\n<meta name=\"robots\" content=\"index, follow, max-snippet:-1, max-image-preview:large, max-video-preview:-1\" \/>\n<link rel=\"canonical\" href=\"https:\/\/challenge-velo-utile.fr\/index.php\/velobus\/\" \/>\n<meta property=\"og:locale\" content=\"fr_FR\" \/>\n<meta property=\"og:type\" content=\"article\" \/>\n<meta property=\"og:title\" content=\"V\u00e9lobus - Le challenge des mobilit\u00e9s St-Brieuc C\u00f4tes d&#039;Armor\" \/>\n<meta property=\"og:description\" content=\"Un r\u00e9seau de r\u00e9f\u00e9rents pour vous accompagner en douceur dans vos d\u00e9placements \u00e0 v\u00e9lo. Voir en plein \u00e9cran\" \/>\n<meta property=\"og:url\" content=\"https:\/\/challenge-velo-utile.fr\/index.php\/velobus\/\" \/>\n<meta property=\"og:site_name\" content=\"Le challenge des mobilit\u00e9s St-Brieuc C\u00f4tes d&#039;Armor\" \/>\n<meta property=\"article:publisher\" content=\"https:\/\/www.facebook.com\/challengeveloutile\/\" \/>\n<meta name=\"twitter:card\" content=\"summary_large_image\" \/>\n<meta name=\"twitter:site\" content=\"@CHALLENGEVELO22\" \/>\n<script type=\"application\/ld+json\" class=\"yoast-schema-graph\">{\"@context\":\"https:\\\/\\\/schema.org\",\"@graph\":[{\"@type\":\"WebPage\",\"@id\":\"https:\\\/\\\/challenge-velo-utile.fr\\\/index.php\\\/velobus\\\/\",\"url\":\"https:\\\/\\\/challenge-velo-utile.fr\\\/index.php\\\/velobus\\\/\",\"name\":\"V\u00e9lobus - Le challenge des mobilit\u00e9s St-Brieuc C\u00f4tes d&#039;Armor\",\"isPartOf\":{\"@id\":\"https:\\\/\\\/challenge-velo-utile.fr\\\/#website\"},\"datePublished\":\"2023-11-19T18:00:26+00:00\",\"breadcrumb\":{\"@id\":\"https:\\\/\\\/challenge-velo-utile.fr\\\/index.php\\\/velobus\\\/#breadcrumb\"},\"inLanguage\":\"fr-FR\",\"potentialAction\":[{\"@type\":\"ReadAction\",\"target\":[\"https:\\\/\\\/challenge-velo-utile.fr\\\/index.php\\\/velobus\\\/\"]}]},{\"@type\":\"BreadcrumbList\",\"@id\":\"https:\\\/\\\/challenge-velo-utile.fr\\\/index.php\\\/velobus\\\/#breadcrumb\",\"itemListElement\":[{\"@type\":\"ListItem\",\"position\":1,\"name\":\"Accueil\",\"item\":\"https:\\\/\\\/challenge-velo-utile.fr\\\/\"},{\"@type\":\"ListItem\",\"position\":2,\"name\":\"V\u00e9lobus\"}]},{\"@type\":\"WebSite\",\"@id\":\"https:\\\/\\\/challenge-velo-utile.fr\\\/#website\",\"url\":\"https:\\\/\\\/challenge-velo-utile.fr\\\/\",\"name\":\"Le challenge des mobilit\u00e9s St-Brieuc C\u00f4tes d'Armor\",\"description\":\"\",\"publisher\":{\"@id\":\"https:\\\/\\\/challenge-velo-utile.fr\\\/#organization\"},\"alternateName\":\"Challenge V\u00e9lo Utile\",\"potentialAction\":[{\"@type\":\"SearchAction\",\"target\":{\"@type\":\"EntryPoint\",\"urlTemplate\":\"https:\\\/\\\/challenge-velo-utile.fr\\\/?s={search_term_string}\"},\"query-input\":{\"@type\":\"PropertyValueSpecification\",\"valueRequired\":true,\"valueName\":\"search_term_string\"}}],\"inLanguage\":\"fr-FR\"},{\"@type\":\"Organization\",\"@id\":\"https:\\\/\\\/challenge-velo-utile.fr\\\/#organization\",\"name\":\"Le challenge des mobilit\u00e9s St-Brieuc C\u00f4tes d'Armor\",\"alternateName\":\"Challenge V\u00e9lo Utile\",\"url\":\"https:\\\/\\\/challenge-velo-utile.fr\\\/\",\"logo\":{\"@type\":\"ImageObject\",\"inLanguage\":\"fr-FR\",\"@id\":\"https:\\\/\\\/challenge-velo-utile.fr\\\/#\\\/schema\\\/logo\\\/image\\\/\",\"url\":\"https:\\\/\\\/challenge-velo-utile.fr\\\/wp-content\\\/uploads\\\/2023\\\/11\\\/A3-CMSBA2024.png\",\"contentUrl\":\"https:\\\/\\\/challenge-velo-utile.fr\\\/wp-content\\\/uploads\\\/2023\\\/11\\\/A3-CMSBA2024.png\",\"width\":842,\"height\":1191,\"caption\":\"Le challenge des mobilit\u00e9s St-Brieuc C\u00f4tes d'Armor\"},\"image\":{\"@id\":\"https:\\\/\\\/challenge-velo-utile.fr\\\/#\\\/schema\\\/logo\\\/image\\\/\"},\"sameAs\":[\"https:\\\/\\\/www.facebook.com\\\/challengeveloutile\\\/\",\"https:\\\/\\\/x.com\\\/CHALLENGEVELO22\"]}]}<\/script>\n<!-- \/ Yoast SEO plugin. -->","yoast_head_json":{"title":"V\u00e9lobus - Le challenge des mobilit\u00e9s St-Brieuc C\u00f4tes d&#039;Armor","robots":{"index":"index","follow":"follow","max-snippet":"max-snippet:-1","max-image-preview":"max-image-preview:large","max-video-preview":"max-video-preview:-1"},"canonical":"https:\/\/challenge-velo-utile.fr\/index.php\/velobus\/","og_locale":"fr_FR","og_type":"article","og_title":"V\u00e9lobus - Le challenge des mobilit\u00e9s St-Brieuc C\u00f4tes d&#039;Armor","og_description":"Un r\u00e9seau de r\u00e9f\u00e9rents pour vous accompagner en douceur dans vos d\u00e9placements \u00e0 v\u00e9lo. Voir en plein \u00e9cran","og_url":"https:\/\/challenge-velo-utile.fr\/index.php\/velobus\/","og_site_name":"Le challenge des mobilit\u00e9s St-Brieuc C\u00f4tes d&#039;Armor","article_publisher":"https:\/\/www.facebook.com\/challengeveloutile\/","twitter_card":"summary_large_image","twitter_site":"@CHALLENGEVELO22","schema":{"@context":"https:\/\/schema.org","@graph":[{"@type":"WebPage","@id":"https:\/\/challenge-velo-utile.fr\/index.php\/velobus\/","url":"https:\/\/challenge-velo-utile.fr\/index.php\/velobus\/","name":"V\u00e9lobus - Le challenge des mobilit\u00e9s St-Brieuc C\u00f4tes d&#039;Armor","isPartOf":{"@id":"https:\/\/challenge-velo-utile.fr\/#website"},"datePublished":"2023-11-19T18:00:26+00:00","breadcrumb":{"@id":"https:\/\/challenge-velo-utile.fr\/index.php\/velobus\/#breadcrumb"},"inLanguage":"fr-FR","potentialAction":[{"@type":"ReadAction","target":["https:\/\/challenge-velo-utile.fr\/index.php\/velobus\/"]}]},{"@type":"BreadcrumbList","@id":"https:\/\/challenge-velo-utile.fr\/index.php\/velobus\/#breadcrumb","itemListElement":[{"@type":"ListItem","position":1,"name":"Accueil","item":"https:\/\/challenge-velo-utile.fr\/"},{"@type":"ListItem","position":2,"name":"V\u00e9lobus"}]},{"@type":"WebSite","@id":"https:\/\/challenge-velo-utile.fr\/#website","url":"https:\/\/challenge-velo-utile.fr\/","name":"Le challenge des mobilit\u00e9s St-Brieuc C\u00f4tes d'Armor","description":"","publisher":{"@id":"https:\/\/challenge-velo-utile.fr\/#organization"},"alternateName":"Challenge V\u00e9lo Utile","potentialAction":[{"@type":"SearchAction","target":{"@type":"EntryPoint","urlTemplate":"https:\/\/challenge-velo-utile.fr\/?s={search_term_string}"},"query-input":{"@type":"PropertyValueSpecification","valueRequired":true,"valueName":"search_term_string"}}],"inLanguage":"fr-FR"},{"@type":"Organization","@id":"https:\/\/challenge-velo-utile.fr\/#organization","name":"Le challenge des mobilit\u00e9s St-Brieuc C\u00f4tes d'Armor","alternateName":"Challenge V\u00e9lo Utile","url":"https:\/\/challenge-velo-utile.fr\/","logo":{"@type":"ImageObject","inLanguage":"fr-FR","@id":"https:\/\/challenge-velo-utile.fr\/#\/schema\/logo\/image\/","url":"https:\/\/challenge-velo-utile.fr\/wp-content\/uploads\/2023\/11\/A3-CMSBA2024.png","contentUrl":"https:\/\/challenge-velo-utile.fr\/wp-content\/uploads\/2023\/11\/A3-CMSBA2024.png","width":842,"height":1191,"caption":"Le challenge des mobilit\u00e9s St-Brieuc C\u00f4tes d'Armor"},"image":{"@id":"https:\/\/challenge-velo-utile.fr\/#\/schema\/logo\/image\/"},"sameAs":["https:\/\/www.facebook.com\/challengeveloutile\/","https:\/\/x.com\/CHALLENGEVELO22"]}]}},"_links":{"self":[{"href":"https:\/\/challenge-velo-utile.fr\/index.php\/wp-json\/wp\/v2\/pages\/112","targetHints":{"allow":["GET"]}}],"collection":[{"href":"https:\/\/challenge-velo-utile.fr\/index.php\/wp-json\/wp\/v2\/pages"}],"about":[{"href":"https:\/\/challenge-velo-utile.fr\/index.php\/wp-json\/wp\/v2\/types\/page"}],"author":[{"embeddable":true,"href":"https:\/\/challenge-velo-utile.fr\/index.php\/wp-json\/wp\/v2\/users\/1"}],"replies":[{"embeddable":true,"href":"https:\/\/challenge-velo-utile.fr\/index.php\/wp-json\/wp\/v2\/comments?post=112"}],"version-history":[{"count":1,"href":"https:\/\/challenge-velo-utile.fr\/index.php\/wp-json\/wp\/v2\/pages\/112\/revisions"}],"predecessor-version":[{"id":113,"href":"https:\/\/challenge-velo-utile.fr\/index.php\/wp-json\/wp\/v2\/pages\/112\/revisions\/113"}],"wp:attachment":[{"href":"https:\/\/challenge-velo-utile.fr\/index.php\/wp-json\/wp\/v2\/media?parent=112"}],"curies":[{"name":"wp","href":"https:\/\/api.w.org\/{rel}","templated":true}]}}